{"id":20311,"date":"2023-02-24T08:12:28","date_gmt":"2023-02-24T08:12:28","guid":{"rendered":"https:\/\/ekulowineworld.com\/index.php\/product\/courvoisier-xo\/"},"modified":"2023-06-15T15:40:31","modified_gmt":"2023-06-15T15:40:31","slug":"courvoisier-xo","status":"publish","type":"product","link":"https:\/\/ekulowineworld.com\/index.php\/product\/courvoisier-xo\/","title":{"rendered":"Courvoisier XO"},"content":{"rendered":"<p>Courvoisier\u00ae X.O. Cognac is a selection by our Master Blender of beautifully matured eaux de vie, aged from 11 to 25 years, to highlight the complexity and richness of cognac aromas.<br \/>\nTASTING NOTES<br \/>\nIs intensely aromatic and flavourful, with a velvety texture and aromatic bouquet, laced with hints of cr\u00e8me br\u00fbl\u00e9e, candied orange and iris flowers.<br \/>\nCr\u00e8me Br\u00fbl\u00e9e<br \/>\nThe careful hand toasting of our barrels lends notes of vanilla and caramel that mature to evoke a warm cr\u00e8me br\u00fbl\u00e9e aroma.<\/p>\n","protected":false},"excerpt":{"rendered":"<p>Candied Orange<br \/>\nDelicate aging in oak produces this sweet aroma that originates from the Grande Champagne crus.<br \/>\nIris Flower<br \/>\nThe sweet and powerful bouquet of irises comes from matured Borderies cognac.<\/p>\n","protected":false},"featured_media":21252,"comment_status":"open","ping_status":"closed","template":"","meta":[],"product_brand":[],"product_cat":[95,64],"product_tag":[],"class_list":{"0":"post-20311","1":"product","2":"type-product","3":"status-publish","4":"has-post-thumbnail","6":"product_cat-cognac-spirits","7":"product_cat-spirits","8":"pa_abv-34","9":"pa_pack-size-6x70cl","11":"first","12":"instock","13":"shipping-taxable","14":"purchasable","15":"product-type-simple"},"yoast_head":"<!-- This site is optimized with the Yoast SEO plugin v27.3 - https:\/\/yoast.com\/product\/yoast-seo-wordpress\/ -->\n<title>Courvoisier XO - Ekulo Wine World<\/title>\n<meta name=\"robots\" content=\"index, follow, max-snippet:-1, max-image-preview:large, max-video-preview:-1\" \/>\n<link rel=\"canonical\" href=\"https:\/\/ekulowineworld.com\/index.php\/product\/courvoisier-xo\/\" \/>\n<meta property=\"og:locale\" content=\"en_US\" \/>\n<meta property=\"og:type\" content=\"article\" \/>\n<meta property=\"og:title\" content=\"Courvoisier XO - Ekulo Wine World\" \/>\n<meta property=\"og:description\" content=\"Candied Orange Delicate aging in oak produces this sweet aroma that originates from the Grande Champagne crus. Iris Flower The sweet and powerful bouquet of irises comes from matured Borderies cognac.\" \/>\n<meta property=\"og:url\" content=\"https:\/\/ekulowineworld.com\/index.php\/product\/courvoisier-xo\/\" \/>\n<meta property=\"og:site_name\" content=\"Ekulo Wine World\" \/>\n<meta property=\"article:modified_time\" content=\"2023-06-15T15:40:31+00:00\" \/>\n<meta property=\"og:image\" content=\"https:\/\/ekulowineworld.com\/wp-content\/uploads\/2023\/02\/courvoisier-xo-cognac.png\" \/>\n\t<meta property=\"og:image:width\" content=\"300\" \/>\n\t<meta property=\"og:image:height\" content=\"211\" \/>\n\t<meta property=\"og:image:type\" content=\"image\/png\" \/>\n<meta name=\"twitter:card\" content=\"summary_large_image\" \/>\n<script type=\"application\/ld+json\" class=\"yoast-schema-graph\">{\"@context\":\"https:\\\/\\\/schema.org\",\"@graph\":[{\"@type\":\"WebPage\",\"@id\":\"https:\\\/\\\/ekulowineworld.com\\\/index.php\\\/product\\\/courvoisier-xo\\\/\",\"url\":\"https:\\\/\\\/ekulowineworld.com\\\/index.php\\\/product\\\/courvoisier-xo\\\/\",\"name\":\"Courvoisier XO - Ekulo Wine World\",\"isPartOf\":{\"@id\":\"https:\\\/\\\/ekulowineworld.com\\\/#website\"},\"primaryImageOfPage\":{\"@id\":\"https:\\\/\\\/ekulowineworld.com\\\/index.php\\\/product\\\/courvoisier-xo\\\/#primaryimage\"},\"image\":{\"@id\":\"https:\\\/\\\/ekulowineworld.com\\\/index.php\\\/product\\\/courvoisier-xo\\\/#primaryimage\"},\"thumbnailUrl\":\"https:\\\/\\\/ekulowineworld.com\\\/wp-content\\\/uploads\\\/2023\\\/02\\\/courvoisier-xo-cognac.png\",\"datePublished\":\"2023-02-24T08:12:28+00:00\",\"dateModified\":\"2023-06-15T15:40:31+00:00\",\"breadcrumb\":{\"@id\":\"https:\\\/\\\/ekulowineworld.com\\\/index.php\\\/product\\\/courvoisier-xo\\\/#breadcrumb\"},\"inLanguage\":\"en-US\",\"potentialAction\":[{\"@type\":\"ReadAction\",\"target\":[\"https:\\\/\\\/ekulowineworld.com\\\/index.php\\\/product\\\/courvoisier-xo\\\/\"]}]},{\"@type\":\"ImageObject\",\"inLanguage\":\"en-US\",\"@id\":\"https:\\\/\\\/ekulowineworld.com\\\/index.php\\\/product\\\/courvoisier-xo\\\/#primaryimage\",\"url\":\"https:\\\/\\\/ekulowineworld.com\\\/wp-content\\\/uploads\\\/2023\\\/02\\\/courvoisier-xo-cognac.png\",\"contentUrl\":\"https:\\\/\\\/ekulowineworld.com\\\/wp-content\\\/uploads\\\/2023\\\/02\\\/courvoisier-xo-cognac.png\",\"width\":300,\"height\":211},{\"@type\":\"BreadcrumbList\",\"@id\":\"https:\\\/\\\/ekulowineworld.com\\\/index.php\\\/product\\\/courvoisier-xo\\\/#breadcrumb\",\"itemListElement\":[{\"@type\":\"ListItem\",\"position\":1,\"name\":\"Home\",\"item\":\"https:\\\/\\\/ekulowineworld.com\\\/\"},{\"@type\":\"ListItem\",\"position\":2,\"name\":\"Shop\",\"item\":\"https:\\\/\\\/ekulowineworld.com\\\/index.php\\\/shop\\\/\"},{\"@type\":\"ListItem\",\"position\":3,\"name\":\"Courvoisier XO\"}]},{\"@type\":\"WebSite\",\"@id\":\"https:\\\/\\\/ekulowineworld.com\\\/#website\",\"url\":\"https:\\\/\\\/ekulowineworld.com\\\/\",\"name\":\"Ekulo Wine World\",\"description\":\"Best deals on Wholesale drinks in Nigeria\",\"publisher\":{\"@id\":\"https:\\\/\\\/ekulowineworld.com\\\/#organization\"},\"potentialAction\":[{\"@type\":\"SearchAction\",\"target\":{\"@type\":\"EntryPoint\",\"urlTemplate\":\"https:\\\/\\\/ekulowineworld.com\\\/?s={search_term_string}\"},\"query-input\":{\"@type\":\"PropertyValueSpecification\",\"valueRequired\":true,\"valueName\":\"search_term_string\"}}],\"inLanguage\":\"en-US\"},{\"@type\":\"Organization\",\"@id\":\"https:\\\/\\\/ekulowineworld.com\\\/#organization\",\"name\":\"Ekulo Wine World\",\"url\":\"https:\\\/\\\/ekulowineworld.com\\\/\",\"logo\":{\"@type\":\"ImageObject\",\"inLanguage\":\"en-US\",\"@id\":\"https:\\\/\\\/ekulowineworld.com\\\/#\\\/schema\\\/logo\\\/image\\\/\",\"url\":\"https:\\\/\\\/ekulowineworld.com\\\/wp-content\\\/uploads\\\/2023\\\/03\\\/ekulo-logo-1.png\",\"contentUrl\":\"https:\\\/\\\/ekulowineworld.com\\\/wp-content\\\/uploads\\\/2023\\\/03\\\/ekulo-logo-1.png\",\"width\":284,\"height\":177,\"caption\":\"Ekulo Wine World\"},\"image\":{\"@id\":\"https:\\\/\\\/ekulowineworld.com\\\/#\\\/schema\\\/logo\\\/image\\\/\"}}]}<\/script>\n<!-- \/ Yoast SEO plugin. -->","yoast_head_json":{"title":"Courvoisier XO - Ekulo Wine World","robots":{"index":"index","follow":"follow","max-snippet":"max-snippet:-1","max-image-preview":"max-image-preview:large","max-video-preview":"max-video-preview:-1"},"canonical":"https:\/\/ekulowineworld.com\/index.php\/product\/courvoisier-xo\/","og_locale":"en_US","og_type":"article","og_title":"Courvoisier XO - Ekulo Wine World","og_description":"Candied Orange Delicate aging in oak produces this sweet aroma that originates from the Grande Champagne crus. Iris Flower The sweet and powerful bouquet of irises comes from matured Borderies cognac.","og_url":"https:\/\/ekulowineworld.com\/index.php\/product\/courvoisier-xo\/","og_site_name":"Ekulo Wine World","article_modified_time":"2023-06-15T15:40:31+00:00","og_image":[{"width":300,"height":211,"url":"https:\/\/ekulowineworld.com\/wp-content\/uploads\/2023\/02\/courvoisier-xo-cognac.png","type":"image\/png"}],"twitter_card":"summary_large_image","schema":{"@context":"https:\/\/schema.org","@graph":[{"@type":"WebPage","@id":"https:\/\/ekulowineworld.com\/index.php\/product\/courvoisier-xo\/","url":"https:\/\/ekulowineworld.com\/index.php\/product\/courvoisier-xo\/","name":"Courvoisier XO - Ekulo Wine World","isPartOf":{"@id":"https:\/\/ekulowineworld.com\/#website"},"primaryImageOfPage":{"@id":"https:\/\/ekulowineworld.com\/index.php\/product\/courvoisier-xo\/#primaryimage"},"image":{"@id":"https:\/\/ekulowineworld.com\/index.php\/product\/courvoisier-xo\/#primaryimage"},"thumbnailUrl":"https:\/\/ekulowineworld.com\/wp-content\/uploads\/2023\/02\/courvoisier-xo-cognac.png","datePublished":"2023-02-24T08:12:28+00:00","dateModified":"2023-06-15T15:40:31+00:00","breadcrumb":{"@id":"https:\/\/ekulowineworld.com\/index.php\/product\/courvoisier-xo\/#breadcrumb"},"inLanguage":"en-US","potentialAction":[{"@type":"ReadAction","target":["https:\/\/ekulowineworld.com\/index.php\/product\/courvoisier-xo\/"]}]},{"@type":"ImageObject","inLanguage":"en-US","@id":"https:\/\/ekulowineworld.com\/index.php\/product\/courvoisier-xo\/#primaryimage","url":"https:\/\/ekulowineworld.com\/wp-content\/uploads\/2023\/02\/courvoisier-xo-cognac.png","contentUrl":"https:\/\/ekulowineworld.com\/wp-content\/uploads\/2023\/02\/courvoisier-xo-cognac.png","width":300,"height":211},{"@type":"BreadcrumbList","@id":"https:\/\/ekulowineworld.com\/index.php\/product\/courvoisier-xo\/#breadcrumb","itemListElement":[{"@type":"ListItem","position":1,"name":"Home","item":"https:\/\/ekulowineworld.com\/"},{"@type":"ListItem","position":2,"name":"Shop","item":"https:\/\/ekulowineworld.com\/index.php\/shop\/"},{"@type":"ListItem","position":3,"name":"Courvoisier XO"}]},{"@type":"WebSite","@id":"https:\/\/ekulowineworld.com\/#website","url":"https:\/\/ekulowineworld.com\/","name":"Ekulo Wine World","description":"Best deals on Wholesale drinks in Nigeria","publisher":{"@id":"https:\/\/ekulowineworld.com\/#organization"},"potentialAction":[{"@type":"SearchAction","target":{"@type":"EntryPoint","urlTemplate":"https:\/\/ekulowineworld.com\/?s={search_term_string}"},"query-input":{"@type":"PropertyValueSpecification","valueRequired":true,"valueName":"search_term_string"}}],"inLanguage":"en-US"},{"@type":"Organization","@id":"https:\/\/ekulowineworld.com\/#organization","name":"Ekulo Wine World","url":"https:\/\/ekulowineworld.com\/","logo":{"@type":"ImageObject","inLanguage":"en-US","@id":"https:\/\/ekulowineworld.com\/#\/schema\/logo\/image\/","url":"https:\/\/ekulowineworld.com\/wp-content\/uploads\/2023\/03\/ekulo-logo-1.png","contentUrl":"https:\/\/ekulowineworld.com\/wp-content\/uploads\/2023\/03\/ekulo-logo-1.png","width":284,"height":177,"caption":"Ekulo Wine World"},"image":{"@id":"https:\/\/ekulowineworld.com\/#\/schema\/logo\/image\/"}}]}},"_links":{"self":[{"href":"https:\/\/ekulowineworld.com\/index.php\/wp-json\/wp\/v2\/product\/20311","targetHints":{"allow":["GET"]}}],"collection":[{"href":"https:\/\/ekulowineworld.com\/index.php\/wp-json\/wp\/v2\/product"}],"about":[{"href":"https:\/\/ekulowineworld.com\/index.php\/wp-json\/wp\/v2\/types\/product"}],"replies":[{"embeddable":true,"href":"https:\/\/ekulowineworld.com\/index.php\/wp-json\/wp\/v2\/comments?post=20311"}],"wp:featuredmedia":[{"embeddable":true,"href":"https:\/\/ekulowineworld.com\/index.php\/wp-json\/wp\/v2\/media\/21252"}],"wp:attachment":[{"href":"https:\/\/ekulowineworld.com\/index.php\/wp-json\/wp\/v2\/media?parent=20311"}],"wp:term":[{"taxonomy":"product_brand","embeddable":true,"href":"https:\/\/ekulowineworld.com\/index.php\/wp-json\/wp\/v2\/product_brand?post=20311"},{"taxonomy":"product_cat","embeddable":true,"href":"https:\/\/ekulowineworld.com\/index.php\/wp-json\/wp\/v2\/product_cat?post=20311"},{"taxonomy":"product_tag","embeddable":true,"href":"https:\/\/ekulowineworld.com\/index.php\/wp-json\/wp\/v2\/product_tag?post=20311"}],"curies":[{"name":"wp","href":"https:\/\/api.w.org\/{rel}","templated":true}]}}