{"id":20308,"date":"2023-02-24T08:12:24","date_gmt":"2023-02-24T08:12:24","guid":{"rendered":"https:\/\/ekulowineworld.com\/index.php\/product\/a-de-fussigny-xo-creatn\/"},"modified":"2025-05-20T10:23:51","modified_gmt":"2025-05-20T10:23:51","slug":"a-de-fussigny-xo-creatn","status":"publish","type":"product","link":"https:\/\/ekulowineworld.com\/index.php\/product\/a-de-fussigny-xo-creatn\/","title":{"rendered":"A De Fussigny XO Creatn"},"content":{"rendered":"<p>The &#8220;Creation&#8221; product line from A. de Fussigny represents the essence of cognac.<br \/>\nMost blends consist only of Petite and Grande Champagne Eaux de vie. Thanks to its quality, the Creation line offers an incredible balance and complexity. The prolonged aging is an additional sign of excellence!<\/p>\n<p>The A. de Fussigny XO Fine Champagne Cognac is an eaux-de-vie blend made from at least 50% Grande Champagne wines.<\/p>\n","protected":false},"excerpt":{"rendered":"<p>Tasting notes:<br \/>\nColour: Golden amber.<br \/>\nNose: fruity, floral, candied citrus, black cherries, hints of oak barrels.<br \/>\nTaste: Balanced, black cherry jam, notes of toffee, vanilla, oak, toasted almonds, black pepper, spices.<br \/>\nFinish: Long lasting, notes of spicy vanilla, toffee, leather.<\/p>\n<p>A perfect companion for desserts like chocolate or cr\u00e8me br\u00fbl\u00e9e.<\/p>\n","protected":false},"featured_media":21982,"comment_status":"open","ping_status":"closed","template":"","meta":[],"product_brand":[],"product_cat":[95,64],"product_tag":[],"class_list":{"0":"post-20308","1":"product","2":"type-product","3":"status-publish","4":"has-post-thumbnail","6":"product_cat-cognac-spirits","7":"product_cat-spirits","8":"pa_abv-34","9":"pa_pack-size-6x70cl","11":"first","12":"instock","13":"shipping-taxable","14":"purchasable","15":"product-type-simple"},"yoast_head":"<!-- This site is optimized with the Yoast SEO plugin v27.3 - https:\/\/yoast.com\/product\/yoast-seo-wordpress\/ -->\n<title>A De Fussigny XO Creatn - Ekulo Wine World<\/title>\n<meta name=\"robots\" content=\"index, follow, max-snippet:-1, max-image-preview:large, max-video-preview:-1\" \/>\n<link rel=\"canonical\" href=\"https:\/\/ekulowineworld.com\/index.php\/product\/a-de-fussigny-xo-creatn\/\" \/>\n<meta property=\"og:locale\" content=\"en_US\" \/>\n<meta property=\"og:type\" content=\"article\" \/>\n<meta property=\"og:title\" content=\"A De Fussigny XO Creatn - Ekulo Wine World\" \/>\n<meta property=\"og:description\" content=\"Tasting notes: Colour: Golden amber. Nose: fruity, floral, candied citrus, black cherries, hints of oak barrels. Taste: Balanced, black cherry jam, notes of toffee, vanilla, oak, toasted almonds, black pepper, spices. Finish: Long lasting, notes of spicy vanilla, toffee, leather.  A perfect companion for desserts like chocolate or cr\u00e8me br\u00fbl\u00e9e.\" \/>\n<meta property=\"og:url\" content=\"https:\/\/ekulowineworld.com\/index.php\/product\/a-de-fussigny-xo-creatn\/\" \/>\n<meta property=\"og:site_name\" content=\"Ekulo Wine World\" \/>\n<meta property=\"article:modified_time\" content=\"2025-05-20T10:23:51+00:00\" \/>\n<meta property=\"og:image\" content=\"https:\/\/ekulowineworld.com\/wp-content\/uploads\/2023\/02\/a-de-fussigny-xo-cognac-fine-champagne.png\" \/>\n\t<meta property=\"og:image:width\" content=\"600\" \/>\n\t<meta property=\"og:image:height\" content=\"600\" \/>\n\t<meta property=\"og:image:type\" content=\"image\/png\" \/>\n<meta name=\"twitter:card\" content=\"summary_large_image\" \/>\n<meta name=\"twitter:label1\" content=\"Est. reading time\" \/>\n\t<meta name=\"twitter:data1\" content=\"1 minute\" \/>\n<script type=\"application\/ld+json\" class=\"yoast-schema-graph\">{\"@context\":\"https:\\\/\\\/schema.org\",\"@graph\":[{\"@type\":\"WebPage\",\"@id\":\"https:\\\/\\\/ekulowineworld.com\\\/index.php\\\/product\\\/a-de-fussigny-xo-creatn\\\/\",\"url\":\"https:\\\/\\\/ekulowineworld.com\\\/index.php\\\/product\\\/a-de-fussigny-xo-creatn\\\/\",\"name\":\"A De Fussigny XO Creatn - Ekulo Wine World\",\"isPartOf\":{\"@id\":\"https:\\\/\\\/ekulowineworld.com\\\/#website\"},\"primaryImageOfPage\":{\"@id\":\"https:\\\/\\\/ekulowineworld.com\\\/index.php\\\/product\\\/a-de-fussigny-xo-creatn\\\/#primaryimage\"},\"image\":{\"@id\":\"https:\\\/\\\/ekulowineworld.com\\\/index.php\\\/product\\\/a-de-fussigny-xo-creatn\\\/#primaryimage\"},\"thumbnailUrl\":\"https:\\\/\\\/ekulowineworld.com\\\/wp-content\\\/uploads\\\/2023\\\/02\\\/a-de-fussigny-xo-cognac-fine-champagne.png\",\"datePublished\":\"2023-02-24T08:12:24+00:00\",\"dateModified\":\"2025-05-20T10:23:51+00:00\",\"breadcrumb\":{\"@id\":\"https:\\\/\\\/ekulowineworld.com\\\/index.php\\\/product\\\/a-de-fussigny-xo-creatn\\\/#breadcrumb\"},\"inLanguage\":\"en-US\",\"potentialAction\":[{\"@type\":\"ReadAction\",\"target\":[\"https:\\\/\\\/ekulowineworld.com\\\/index.php\\\/product\\\/a-de-fussigny-xo-creatn\\\/\"]}]},{\"@type\":\"ImageObject\",\"inLanguage\":\"en-US\",\"@id\":\"https:\\\/\\\/ekulowineworld.com\\\/index.php\\\/product\\\/a-de-fussigny-xo-creatn\\\/#primaryimage\",\"url\":\"https:\\\/\\\/ekulowineworld.com\\\/wp-content\\\/uploads\\\/2023\\\/02\\\/a-de-fussigny-xo-cognac-fine-champagne.png\",\"contentUrl\":\"https:\\\/\\\/ekulowineworld.com\\\/wp-content\\\/uploads\\\/2023\\\/02\\\/a-de-fussigny-xo-cognac-fine-champagne.png\",\"width\":600,\"height\":600},{\"@type\":\"BreadcrumbList\",\"@id\":\"https:\\\/\\\/ekulowineworld.com\\\/index.php\\\/product\\\/a-de-fussigny-xo-creatn\\\/#breadcrumb\",\"itemListElement\":[{\"@type\":\"ListItem\",\"position\":1,\"name\":\"Home\",\"item\":\"https:\\\/\\\/ekulowineworld.com\\\/\"},{\"@type\":\"ListItem\",\"position\":2,\"name\":\"Shop\",\"item\":\"https:\\\/\\\/ekulowineworld.com\\\/index.php\\\/shop\\\/\"},{\"@type\":\"ListItem\",\"position\":3,\"name\":\"A De Fussigny XO Creatn\"}]},{\"@type\":\"WebSite\",\"@id\":\"https:\\\/\\\/ekulowineworld.com\\\/#website\",\"url\":\"https:\\\/\\\/ekulowineworld.com\\\/\",\"name\":\"Ekulo Wine World\",\"description\":\"Best deals on Wholesale drinks in Nigeria\",\"publisher\":{\"@id\":\"https:\\\/\\\/ekulowineworld.com\\\/#organization\"},\"potentialAction\":[{\"@type\":\"SearchAction\",\"target\":{\"@type\":\"EntryPoint\",\"urlTemplate\":\"https:\\\/\\\/ekulowineworld.com\\\/?s={search_term_string}\"},\"query-input\":{\"@type\":\"PropertyValueSpecification\",\"valueRequired\":true,\"valueName\":\"search_term_string\"}}],\"inLanguage\":\"en-US\"},{\"@type\":\"Organization\",\"@id\":\"https:\\\/\\\/ekulowineworld.com\\\/#organization\",\"name\":\"Ekulo Wine World\",\"url\":\"https:\\\/\\\/ekulowineworld.com\\\/\",\"logo\":{\"@type\":\"ImageObject\",\"inLanguage\":\"en-US\",\"@id\":\"https:\\\/\\\/ekulowineworld.com\\\/#\\\/schema\\\/logo\\\/image\\\/\",\"url\":\"https:\\\/\\\/ekulowineworld.com\\\/wp-content\\\/uploads\\\/2023\\\/03\\\/ekulo-logo-1.png\",\"contentUrl\":\"https:\\\/\\\/ekulowineworld.com\\\/wp-content\\\/uploads\\\/2023\\\/03\\\/ekulo-logo-1.png\",\"width\":284,\"height\":177,\"caption\":\"Ekulo Wine World\"},\"image\":{\"@id\":\"https:\\\/\\\/ekulowineworld.com\\\/#\\\/schema\\\/logo\\\/image\\\/\"}}]}<\/script>\n<!-- \/ Yoast SEO plugin. -->","yoast_head_json":{"title":"A De Fussigny XO Creatn - Ekulo Wine World","robots":{"index":"index","follow":"follow","max-snippet":"max-snippet:-1","max-image-preview":"max-image-preview:large","max-video-preview":"max-video-preview:-1"},"canonical":"https:\/\/ekulowineworld.com\/index.php\/product\/a-de-fussigny-xo-creatn\/","og_locale":"en_US","og_type":"article","og_title":"A De Fussigny XO Creatn - Ekulo Wine World","og_description":"Tasting notes: Colour: Golden amber. Nose: fruity, floral, candied citrus, black cherries, hints of oak barrels. Taste: Balanced, black cherry jam, notes of toffee, vanilla, oak, toasted almonds, black pepper, spices. Finish: Long lasting, notes of spicy vanilla, toffee, leather.  A perfect companion for desserts like chocolate or cr\u00e8me br\u00fbl\u00e9e.","og_url":"https:\/\/ekulowineworld.com\/index.php\/product\/a-de-fussigny-xo-creatn\/","og_site_name":"Ekulo Wine World","article_modified_time":"2025-05-20T10:23:51+00:00","og_image":[{"width":600,"height":600,"url":"https:\/\/ekulowineworld.com\/wp-content\/uploads\/2023\/02\/a-de-fussigny-xo-cognac-fine-champagne.png","type":"image\/png"}],"twitter_card":"summary_large_image","twitter_misc":{"Est. reading time":"1 minute"},"schema":{"@context":"https:\/\/schema.org","@graph":[{"@type":"WebPage","@id":"https:\/\/ekulowineworld.com\/index.php\/product\/a-de-fussigny-xo-creatn\/","url":"https:\/\/ekulowineworld.com\/index.php\/product\/a-de-fussigny-xo-creatn\/","name":"A De Fussigny XO Creatn - Ekulo Wine World","isPartOf":{"@id":"https:\/\/ekulowineworld.com\/#website"},"primaryImageOfPage":{"@id":"https:\/\/ekulowineworld.com\/index.php\/product\/a-de-fussigny-xo-creatn\/#primaryimage"},"image":{"@id":"https:\/\/ekulowineworld.com\/index.php\/product\/a-de-fussigny-xo-creatn\/#primaryimage"},"thumbnailUrl":"https:\/\/ekulowineworld.com\/wp-content\/uploads\/2023\/02\/a-de-fussigny-xo-cognac-fine-champagne.png","datePublished":"2023-02-24T08:12:24+00:00","dateModified":"2025-05-20T10:23:51+00:00","breadcrumb":{"@id":"https:\/\/ekulowineworld.com\/index.php\/product\/a-de-fussigny-xo-creatn\/#breadcrumb"},"inLanguage":"en-US","potentialAction":[{"@type":"ReadAction","target":["https:\/\/ekulowineworld.com\/index.php\/product\/a-de-fussigny-xo-creatn\/"]}]},{"@type":"ImageObject","inLanguage":"en-US","@id":"https:\/\/ekulowineworld.com\/index.php\/product\/a-de-fussigny-xo-creatn\/#primaryimage","url":"https:\/\/ekulowineworld.com\/wp-content\/uploads\/2023\/02\/a-de-fussigny-xo-cognac-fine-champagne.png","contentUrl":"https:\/\/ekulowineworld.com\/wp-content\/uploads\/2023\/02\/a-de-fussigny-xo-cognac-fine-champagne.png","width":600,"height":600},{"@type":"BreadcrumbList","@id":"https:\/\/ekulowineworld.com\/index.php\/product\/a-de-fussigny-xo-creatn\/#breadcrumb","itemListElement":[{"@type":"ListItem","position":1,"name":"Home","item":"https:\/\/ekulowineworld.com\/"},{"@type":"ListItem","position":2,"name":"Shop","item":"https:\/\/ekulowineworld.com\/index.php\/shop\/"},{"@type":"ListItem","position":3,"name":"A De Fussigny XO Creatn"}]},{"@type":"WebSite","@id":"https:\/\/ekulowineworld.com\/#website","url":"https:\/\/ekulowineworld.com\/","name":"Ekulo Wine World","description":"Best deals on Wholesale drinks in Nigeria","publisher":{"@id":"https:\/\/ekulowineworld.com\/#organization"},"potentialAction":[{"@type":"SearchAction","target":{"@type":"EntryPoint","urlTemplate":"https:\/\/ekulowineworld.com\/?s={search_term_string}"},"query-input":{"@type":"PropertyValueSpecification","valueRequired":true,"valueName":"search_term_string"}}],"inLanguage":"en-US"},{"@type":"Organization","@id":"https:\/\/ekulowineworld.com\/#organization","name":"Ekulo Wine World","url":"https:\/\/ekulowineworld.com\/","logo":{"@type":"ImageObject","inLanguage":"en-US","@id":"https:\/\/ekulowineworld.com\/#\/schema\/logo\/image\/","url":"https:\/\/ekulowineworld.com\/wp-content\/uploads\/2023\/03\/ekulo-logo-1.png","contentUrl":"https:\/\/ekulowineworld.com\/wp-content\/uploads\/2023\/03\/ekulo-logo-1.png","width":284,"height":177,"caption":"Ekulo Wine World"},"image":{"@id":"https:\/\/ekulowineworld.com\/#\/schema\/logo\/image\/"}}]}},"_links":{"self":[{"href":"https:\/\/ekulowineworld.com\/index.php\/wp-json\/wp\/v2\/product\/20308","targetHints":{"allow":["GET"]}}],"collection":[{"href":"https:\/\/ekulowineworld.com\/index.php\/wp-json\/wp\/v2\/product"}],"about":[{"href":"https:\/\/ekulowineworld.com\/index.php\/wp-json\/wp\/v2\/types\/product"}],"replies":[{"embeddable":true,"href":"https:\/\/ekulowineworld.com\/index.php\/wp-json\/wp\/v2\/comments?post=20308"}],"wp:featuredmedia":[{"embeddable":true,"href":"https:\/\/ekulowineworld.com\/index.php\/wp-json\/wp\/v2\/media\/21982"}],"wp:attachment":[{"href":"https:\/\/ekulowineworld.com\/index.php\/wp-json\/wp\/v2\/media?parent=20308"}],"wp:term":[{"taxonomy":"product_brand","embeddable":true,"href":"https:\/\/ekulowineworld.com\/index.php\/wp-json\/wp\/v2\/product_brand?post=20308"},{"taxonomy":"product_cat","embeddable":true,"href":"https:\/\/ekulowineworld.com\/index.php\/wp-json\/wp\/v2\/product_cat?post=20308"},{"taxonomy":"product_tag","embeddable":true,"href":"https:\/\/ekulowineworld.com\/index.php\/wp-json\/wp\/v2\/product_tag?post=20308"}],"curies":[{"name":"wp","href":"https:\/\/api.w.org\/{rel}","templated":true}]}}